{"id":375,"date":"2015-07-28T10:03:26","date_gmt":"2015-07-28T10:03:26","guid":{"rendered":"http:\/\/demo.oceanthemes.net\/archilight\/?page_id=375"},"modified":"2015-07-28T10:03:26","modified_gmt":"2015-07-28T10:03:26","slug":"onepage-version","status":"publish","type":"page","link":"https:\/\/evinigiydir.com\/index.php\/onepage-version\/","title":{"rendered":"Onepage Version"},"content":{"rendered":"<p>[vc_row fullwidth=&#8221;yes&#8221; el_id=&#8221;home&#8221;][vc_column][rev_slider_vc alias=&#8221;homelight&#8221;][\/vc_column][\/vc_row][vc_row css=&#8221;.vc_custom_1438587532215{padding-top: 90px !important;padding-bottom: 90px !important;}&#8221; el_id=&#8221;services&#8221;][vc_column animate=&#8221;fadeinup&#8221;][heading text=&#8221;What we do&#8221; tag=&#8221;h1&#8243; align=&#8221;center&#8221;][line_solid icon=&#8221;circle&#8221;][\/vc_column][vc_column width=&#8221;1\/3&#8243; animate=&#8221;fadeinleft&#8221;][heading text=&#8221;<b>RESIDENTIAL<\/b> DESIGN&#8221; tag=&#8221;h3&#8243; align=&#8221;left&#8221;][vc_column_text css=&#8221;.vc_custom_1438078221279{margin-top: 0px !important;}&#8221;]Sed ut perspiciatis unde omnis iste natus error sit voluptatem accusantium doloremque laudantium, totam rem aperiam, eaque ipsa quae ab illo inventore veritatis et quasi architecto beatae vitae dicta sunt explicabo. Nemo enim ipsam voluptatem quia voluptas sit aspernatur aut odit aut fugit, sed quia[\/vc_column_text][vc_single_image image=&#8221;565&#8243; img_size=&#8221;full&#8221;][\/vc_column][vc_column width=&#8221;1\/3&#8243; animate=&#8221;fadeinup&#8221;][heading text=&#8221;<b>OFFICE<\/b> DESIGN&#8221; tag=&#8221;h3&#8243; align=&#8221;left&#8221;][vc_column_text css=&#8221;.vc_custom_1438078221279{margin-top: 0px !important;}&#8221;]Sed ut perspiciatis unde omnis iste natus error sit voluptatem accusantium doloremque laudantium, totam rem aperiam, eaque ipsa quae ab illo inventore veritatis et quasi architecto beatae vitae dicta sunt explicabo. Nemo enim ipsam voluptatem quia voluptas sit aspernatur aut odit aut fugit, sed quia[\/vc_column_text][vc_single_image image=&#8221;566&#8243; img_size=&#8221;full&#8221;][\/vc_column][vc_column width=&#8221;1\/3&#8243; animate=&#8221;fadinright&#8221;][heading text=&#8221;<b>COMMERCIAL<\/b> DESIGN&#8221; tag=&#8221;h3&#8243; align=&#8221;left&#8221;][vc_column_text css=&#8221;.vc_custom_1438078221279{margin-top: 0px !important;}&#8221;]Sed ut perspiciatis unde omnis iste natus error sit voluptatem accusantium doloremque laudantium, totam rem aperiam, eaque ipsa quae ab illo inventore veritatis et quasi architecto beatae vitae dicta sunt explicabo. Nemo enim ipsam voluptatem quia voluptas sit aspernatur aut odit aut fugit, sed quia[\/vc_column_text][vc_single_image image=&#8221;567&#8243; img_size=&#8221;full&#8221;][\/vc_column][\/vc_row][vc_row css=&#8221;.vc_custom_1439438008186{padding-top: 90px !important;padding-bottom: 90px !important;background-image: url(http:\/\/demo.oceanthemes.net\/archilight\/wp-content\/uploads\/2015\/07\/bg-21.jpg?id=569) !important;background-position: center !important;background-repeat: no-repeat !important;background-size: cover !important;}&#8221; el_id=&#8221;process&#8221; el_class=&#8221;text-light&#8221;][vc_column animate=&#8221;fadeinup&#8221;][heading text=&#8221;Our Process&#8221; tag=&#8221;h1&#8243; align=&#8221;center&#8221; color=&#8221;#ffffff&#8221;][line_solid icon=&#8221;circle&#8221;][\/vc_column][vc_column][process number=&#8221;4&#8243;][\/vc_column][\/vc_row][vc_row css=&#8221;.vc_custom_1438750261602{padding-top: 90px !important;padding-bottom: 90px !important;background-color: #f5f5f5 !important;}&#8221; el_id=&#8221;team&#8221;][vc_column animate=&#8221;fadeinup&#8221;][heading text=&#8221;Our Team&#8221; tag=&#8221;h1&#8243; align=&#8221;center&#8221;][line_solid][\/vc_column][vc_column animate=&#8221;fadeinup&#8221; el_class=&#8221;container-4 &#8220;][team photo=&#8221;584&#8243; name=&#8221;JOHN SMITH&#8221; job=&#8221;Project Manager&#8221; icon1=&#8221;facebook&#8221; url1=&#8221;#&#8221; icon2=&#8221;twitter&#8221; url2=&#8221;#&#8221; icon3=&#8221;skype&#8221; url3=&#8221;#&#8221; icon4=&#8221;google-plus&#8221; url4=&#8221;#&#8221;]Duis aute irure dolor in reprehenderit in voluptate velit esse cillum dolore eu fugiat nulla pariatur.[\/team][team photo=&#8221;585&#8243; name=&#8221;Michael Dennis&#8221; job=&#8221;Creative Director&#8221; icon1=&#8221;facebook&#8221; url1=&#8221;#&#8221; icon2=&#8221;twitter&#8221; url2=&#8221;#&#8221; icon3=&#8221;skype&#8221; url3=&#8221;#&#8221; icon4=&#8221;google-plus&#8221; url4=&#8221;#&#8221;]Duis aute irure dolor in reprehenderit in voluptate velit esse cillum dolore eu fugiat nulla pariatur.[\/team][team photo=&#8221;586&#8243; name=&#8221;Sarah Michelle&#8221; job=&#8221;Creative Staff&#8221; icon1=&#8221;facebook&#8221; url1=&#8221;#&#8221; icon2=&#8221;twitter&#8221; url2=&#8221;#&#8221; icon3=&#8221;skype&#8221; url3=&#8221;#&#8221; icon4=&#8221;google-plus&#8221; url4=&#8221;#&#8221;]Duis aute irure dolor in reprehenderit in voluptate velit esse cillum dolore eu fugiat nulla pariatur.[\/team][team photo=&#8221;587&#8243; name=&#8221;Katty Wilson&#8221; job=&#8221;Project Manager&#8221; icon1=&#8221;facebook&#8221; url1=&#8221;#&#8221; icon2=&#8221;twitter&#8221; url2=&#8221;#&#8221; icon3=&#8221;skype&#8221; url3=&#8221;#&#8221; icon4=&#8221;google-plus&#8221; url4=&#8221;#&#8221;]Duis aute irure dolor in reprehenderit in voluptate velit esse cillum dolore eu fugiat nulla pariatur.[\/team][\/vc_column][\/vc_row][vc_row fullwidth=&#8221;yes&#8221; css=&#8221;.vc_custom_1438587594002{padding-top: 30px !important;}&#8221; el_id=&#8221;project&#8221;][vc_column][foliof all=&#8221;ALL PROJECTS&#8221; num=&#8221;8&#8243;][\/vc_column][\/vc_row][vc_row css=&#8221;.vc_custom_1442204250913{padding-top: 60px !important;padding-bottom: 60px !important;}&#8221; el_class=&#8221;call-to-action bg-color text-center&#8221;][vc_column el_class=&#8221;center&#8221;][button btntext=&#8221;VIEW ALL PROJECTS&#8221; btnlink=&#8221;demo.vegatheme.com\/archilight\/projects\/&#8221; style=&#8221;style1&#8243;][\/vc_column][\/vc_row][vc_row css=&#8221;.vc_custom_1443169099225{padding-top: 60px !important;padding-bottom: 60px !important;background-color: #222222 !important;}&#8221;][vc_column][logos gallery=&#8221;370,368,369,367,366,364,365,363&#8243; visible=&#8221;6&#8243;][\/vc_column][\/vc_row][vc_row css=&#8221;.vc_custom_1439438028226{padding-top: 90px !important;padding-bottom: 90px !important;background-image: url(http:\/\/demo.oceanthemes.net\/archilight\/wp-content\/uploads\/2015\/07\/bg-31.jpg?id=571) !important;background-position: center !important;background-repeat: no-repeat !important;background-size: cover !important;}&#8221; el_class=&#8221;text-light&#8221;][vc_column animate=&#8221;fadeinup&#8221;][heading text=&#8221;Customer Says&#8221; tag=&#8221;h1&#8243; align=&#8221;center&#8221; color=&#8221;#ffffff&#8221;][line_solid icon=&#8221;circle&#8221;][\/vc_column][vc_column][testslide visible=&#8221;2&#8243; number=&#8221;4&#8243;][\/vc_column][\/vc_row][vc_row css=&#8221;.vc_custom_1438588031090{padding-top: 90px !important;padding-bottom: 90px !important;}&#8221;][vc_column animate=&#8221;fadeinup&#8221;][heading text=&#8221;Fun Facts&#8221; tag=&#8221;h1&#8243; align=&#8221;center&#8221;][line_solid icon=&#8221;circle&#8221;][\/vc_column][vc_column width=&#8221;1\/4&#8243; animate=&#8221;fadein&#8221;][ourfacts icon=&#8221;alarmclock&#8221; title=&#8221;HOURS OF WORKS&#8221; number=&#8221;2350&#8243;][\/vc_column][vc_column width=&#8221;1\/4&#8243; animate=&#8221;fadein&#8221;][ourfacts icon=&#8221;tools&#8221; title=&#8221;PROJECTS COMPLETE&#8221; number=&#8221;128&#8243;][\/vc_column][vc_column width=&#8221;1\/4&#8243; animate=&#8221;fadein&#8221;][ourfacts icon=&#8221;piechart&#8221; title=&#8221;SLICE OF PIZZA&#8221; number=&#8221;750&#8243;][\/vc_column][vc_column width=&#8221;1\/4&#8243; animate=&#8221;fadein&#8221;][ourfacts icon=&#8221;wine&#8221; title=&#8221;CUPS OF COFFEE&#8221; number=&#8221;520&#8243;][\/vc_column][\/vc_row][vc_row css=&#8221;.vc_custom_1438750178195{padding-top: 90px !important;padding-bottom: 90px !important;background-image: url(http:\/\/demo.oceanthemes.net\/archilight\/wp-content\/uploads\/2015\/07\/bg-51.jpg?id=594) !important;background-position: center !important;background-repeat: no-repeat !important;background-size: cover !important;}&#8221; el_id=&#8221;blog&#8221;][vc_column animate=&#8221;fadeinup&#8221;][heading text=&#8221;Latest Blog&#8221; tag=&#8221;h1&#8243; align=&#8221;center&#8221; color=&#8221;#ffffff&#8221;][line_solid icon=&#8221;circle&#8221;][\/vc_column][vc_column animate=&#8221;fadeinup&#8221;][latestblog number=&#8221;6&#8243; visible=&#8221;2&#8243;][\/vc_column][\/vc_row][vc_row css=&#8221;.vc_custom_1438587675950{padding-top: 90px !important;padding-bottom: 90px !important;}&#8221; el_id=&#8221;contact&#8221;][vc_column animate=&#8221;fadeinup&#8221;][heading text=&#8221;Contact Us&#8221; tag=&#8221;h1&#8243; align=&#8221;center&#8221;][line_solid icon=&#8221;circle&#8221;][\/vc_column][vc_column width=&#8221;2\/3&#8243; animate=&#8221;fadeinleft&#8221;][vc_empty_space height=&#8221;30px&#8221;]\n<div class=\"wpcf7 no-js\" id=\"wpcf7-f283-o1\" lang=\"en-US\" dir=\"ltr\">\n<div class=\"screen-reader-response\"><p role=\"status\" aria-live=\"polite\" aria-atomic=\"true\"><\/p> <ul><\/ul><\/div>\n<form action=\"\/index.php\/wp-json\/wp\/v2\/pages\/375#wpcf7-f283-o1\" method=\"post\" class=\"wpcf7-form init\" aria-label=\"Contact form\" novalidate=\"novalidate\" data-status=\"init\">\n<div style=\"display: none;\">\n<input type=\"hidden\" name=\"_wpcf7\" value=\"283\" \/>\n<input type=\"hidden\" name=\"_wpcf7_version\" value=\"5.8.7\" \/>\n<input type=\"hidden\" name=\"_wpcf7_locale\" value=\"en_US\" \/>\n<input type=\"hidden\" name=\"_wpcf7_unit_tag\" value=\"wpcf7-f283-o1\" \/>\n<input type=\"hidden\" name=\"_wpcf7_container_post\" value=\"0\" \/>\n<input type=\"hidden\" name=\"_wpcf7_posted_data_hash\" value=\"\" \/>\n<\/div>\n<div class=\"row\">\n\t<div class=\"col-md-4\">\n\t\t<div>\n\t\t\t<p><span class=\"wpcf7-form-control-wrap\" data-name=\"your-name\"><input size=\"40\" class=\"wpcf7-form-control wpcf7-text wpcf7-validates-as-required\" aria-required=\"true\" aria-invalid=\"false\" placeholder=\"Ad\u0131n\u0131z - Soyad\u0131n\u0131z\" value=\"\" type=\"text\" name=\"your-name\" \/><\/span>\n\t\t\t<\/p>\n\t\t<\/div>\n\t\t<div>\n\t\t\t<p><span class=\"wpcf7-form-control-wrap\" data-name=\"il\"><input size=\"40\" class=\"wpcf7-form-control wpcf7-text wpcf7-validates-as-required\" aria-required=\"true\" aria-invalid=\"false\" placeholder=\"\u0130l - \u0130l\u00e7e\" value=\"\" type=\"text\" name=\"il\" \/><\/span>\n\t\t\t<\/p>\n\t\t<\/div>\n\t\t<div>\n\t\t\t<p><span class=\"wpcf7-form-control-wrap\" data-name=\"email-453\"><input size=\"40\" class=\"wpcf7-form-control wpcf7-email wpcf7-validates-as-required wpcf7-text wpcf7-validates-as-email\" aria-required=\"true\" aria-invalid=\"false\" placeholder=\"Email Adresiniz\" value=\"\" type=\"email\" name=\"email-453\" \/><\/span>\n\t\t\t<\/p>\n\t\t<\/div>\n\t\t<div>\n\t\t\t<p><span class=\"wpcf7-form-control-wrap\" data-name=\"tel-565\"><input size=\"40\" class=\"wpcf7-form-control wpcf7-tel wpcf7-validates-as-required wpcf7-text wpcf7-validates-as-tel\" aria-required=\"true\" aria-invalid=\"false\" placeholder=\"Telefonunuz\" value=\"\" type=\"tel\" name=\"tel-565\" \/><\/span>\n\t\t\t<\/p>\n\t\t<\/div>\n\t<\/div>\n\t<div class=\"col-md-8\">\n\t\t<div>\n\t\t\t<p><span class=\"wpcf7-form-control-wrap\" data-name=\"message\"><textarea cols=\"40\" rows=\"10\" class=\"wpcf7-form-control wpcf7-textarea wpcf7-validates-as-required\" aria-required=\"true\" aria-invalid=\"false\" placeholder=\"Mesaj\u0131n\u0131z\" name=\"message\"><\/textarea><\/span>\n\t\t\t<\/p>\n\t\t<\/div>\n\t<\/div>\n\t<div class=\"col-md-12\">\n\t\t<p id=\"submit\"><input class=\"wpcf7-form-control wpcf7-submit has-spinner btn btn-line\" type=\"submit\" value=\"G\u00f6nder\" \/>\n\t\t<\/p>\n\t<\/div>\n<\/div><div class=\"wpcf7-response-output\" aria-hidden=\"true\"><\/div>\n<\/form>\n<\/div>\n[\/vc_column][vc_column width=&#8221;1\/3&#8243; animate=&#8221;fadinright&#8221;][heading text=&#8221;CONTACT INFO&#8221; tag=&#8221;h3&#8243; align=&#8221;left&#8221;][vc_column_text]<\/p>\n<address>\n<div>100 Mainstreet Center, Sydney<\/div>\n<div><strong>Phone:<\/strong>(208) 333 9296<\/div>\n<div><strong>Fax:<\/strong>(208) 333 9298<\/div>\n<div><strong>Email:<\/strong><a href=\"mailto:contact@example.com\">contact@example.com<\/a><\/div>\n<div><strong>Web:<\/strong><a href=\"#test\">http:\/\/example.com<\/a><\/div>\n<div><strong>Open<\/strong>Sunday &#8211; Friday 08:00 &#8211; 18:00<\/div>\n<\/address>\n<p>[\/vc_column_text][\/vc_column][\/vc_row][vc_row fullwidth=&#8221;yes&#8221;][vc_column][ggmap height=&#8221;500&#8243; lat=&#8221;-6.373091&#8243; long=&#8221;106.835175&#8243; zoom=&#8221;15&#8243; icon=&#8221;281&#8243;][\/vc_column][\/vc_row]<\/p>\n","protected":false},"excerpt":{"rendered":"<p>[vc_row fullwidth=&#8221;yes&#8221; el_id=&#8221;home&#8221;][vc_column][rev_slider_vc alias=&#8221;homelight&#8221;][\/vc_column][\/vc_row][vc_row css=&#8221;.vc_custom_1438587532215{padding-top: 90px !important;padding-bottom: 90px !important;}&#8221; el_id=&#8221;services&#8221;][vc_column animate=&#8221;fadeinup&#8221;][heading text=&#8221;What we do&#8221; tag=&#8221;h1&#8243; align=&#8221;center&#8221;][line_solid icon=&#8221;circle&#8221;][\/vc_column][vc_column width=&#8221;1\/3&#8243; animate=&#8221;fadeinleft&#8221;][heading text=&#8221;RESIDENTIAL DESIGN&#8221; tag=&#8221;h3&#8243; align=&#8221;left&#8221;][vc_column_text css=&#8221;.vc_custom_1438078221279{margin-top: 0px !important;}&#8221;]Sed ut perspiciatis unde omnis iste natus error sit voluptatem accusantium doloremque laudantium, totam rem aperiam, eaque ipsa quae ab illo inventore veritatis et quasi architecto beatae vitae dicta sunt explicabo. Nemo enim ipsam voluptatem quia voluptas sit aspernatur aut odit aut fugit, sed quia[\/vc_column_text][vc_single_image image=&#8221;565&#8243; img_size=&#8221;full&#8221;][\/vc_column][vc_column width=&#8221;1\/3&#8243; animate=&#8221;fadeinup&#8221;][heading text=&#8221;OFFICE DESIGN&#8221; tag=&#8221;h3&#8243; align=&#8221;left&#8221;][vc_column_text css=&#8221;.vc_custom_1438078221279{margin-top: 0px !important;}&#8221;]Sed ut perspiciatis unde omnis iste natus error sit voluptatem accusantium doloremque laudantium, totam rem aperiam, eaque ipsa quae ab illo inventore veritatis et quasi architecto beatae vitae dicta sunt explicabo. Nemo enim ipsam voluptatem quia voluptas sit aspernatur aut odit aut fugit, sed quia[\/vc_column_text][vc_single_image image=&#8221;566&#8243; img_size=&#8221;full&#8221;][\/vc_column][vc_column width=&#8221;1\/3&#8243; animate=&#8221;fadinright&#8221;][heading text=&#8221;COMMERCIAL DESIGN&#8221; tag=&#8221;h3&#8243; align=&#8221;left&#8221;][vc_column_text css=&#8221;.vc_custom_1438078221279{margin-top: 0px !important;}&#8221;]Sed ut perspiciatis unde omnis iste natus error sit voluptatem accusantium doloremque laudantium, totam rem aperiam, eaque ipsa quae ab illo inventore veritatis et quasi architecto beatae vitae dicta sunt explicabo. Nemo enim ipsam voluptatem quia voluptas sit aspernatur aut odit aut fugit, sed quia[\/vc_column_text][vc_single_image image=&#8221;567&#8243; img_size=&#8221;full&#8221;][\/vc_column][\/vc_row][vc_row css=&#8221;.vc_custom_1439438008186{padding-top: 90px !important;padding-bottom: 90px !important;background-image: url(http:\/\/demo.oceanthemes.net\/archilight\/wp-content\/uploads\/2015\/07\/bg-21.jpg?id=569) !important;background-position: center !important;background-repeat: no-repeat !important;background-size: cover !important;}&#8221; el_id=&#8221;process&#8221; el_class=&#8221;text-light&#8221;][vc_column animate=&#8221;fadeinup&#8221;][heading text=&#8221;Our Process&#8221; tag=&#8221;h1&#8243; align=&#8221;center&#8221; color=&#8221;#ffffff&#8221;][line_solid icon=&#8221;circle&#8221;][\/vc_column][vc_column][process number=&#8221;4&#8243;][\/vc_column][\/vc_row][vc_row css=&#8221;.vc_custom_1438750261602{padding-top: 90px !important;padding-bottom: 90px !important;background-color: #f5f5f5 !important;}&#8221; el_id=&#8221;team&#8221;][vc_column animate=&#8221;fadeinup&#8221;][heading text=&#8221;Our Team&#8221; tag=&#8221;h1&#8243; align=&#8221;center&#8221;][line_solid][\/vc_column][vc_column animate=&#8221;fadeinup&#8221; el_class=&#8221;container-4 &#8220;][team photo=&#8221;584&#8243; name=&#8221;JOHN SMITH&#8221; job=&#8221;Project Manager&#8221; icon1=&#8221;facebook&#8221; url1=&#8221;#&#8221; icon2=&#8221;twitter&#8221; url2=&#8221;#&#8221; icon3=&#8221;skype&#8221; url3=&#8221;#&#8221; icon4=&#8221;google-plus&#8221; url4=&#8221;#&#8221;]Duis aute irure dolor in reprehenderit in voluptate velit esse cillum dolore eu fugiat nulla pariatur.[\/team][team photo=&#8221;585&#8243; name=&#8221;Michael Dennis&#8221; job=&#8221;Creative Director&#8221; icon1=&#8221;facebook&#8221; url1=&#8221;#&#8221; icon2=&#8221;twitter&#8221; url2=&#8221;#&#8221; icon3=&#8221;skype&#8221; url3=&#8221;#&#8221; icon4=&#8221;google-plus&#8221; url4=&#8221;#&#8221;]Duis aute irure dolor in reprehenderit in voluptate velit esse cillum dolore eu fugiat nulla pariatur.[\/team][team photo=&#8221;586&#8243; name=&#8221;Sarah Michelle&#8221; job=&#8221;Creative Staff&#8221; icon1=&#8221;facebook&#8221; url1=&#8221;#&#8221; icon2=&#8221;twitter&#8221; url2=&#8221;#&#8221; icon3=&#8221;skype&#8221; url3=&#8221;#&#8221; icon4=&#8221;google-plus&#8221; url4=&#8221;#&#8221;]Duis aute irure dolor in reprehenderit in voluptate velit esse cillum dolore eu fugiat nulla pariatur.[\/team][team photo=&#8221;587&#8243; name=&#8221;Katty Wilson&#8221; job=&#8221;Project Manager&#8221; icon1=&#8221;facebook&#8221; url1=&#8221;#&#8221; icon2=&#8221;twitter&#8221; url2=&#8221;#&#8221; icon3=&#8221;skype&#8221; url3=&#8221;#&#8221; icon4=&#8221;google-plus&#8221; url4=&#8221;#&#8221;]Duis aute irure dolor in reprehenderit in voluptate velit esse cillum dolore eu fugiat nulla pariatur.[\/team][\/vc_column][\/vc_row][vc_row fullwidth=&#8221;yes&#8221; css=&#8221;.vc_custom_1438587594002{padding-top: 30px !important;}&#8221; el_id=&#8221;project&#8221;][vc_column][foliof all=&#8221;ALL PROJECTS&#8221; num=&#8221;8&#8243;][\/vc_column][\/vc_row][vc_row css=&#8221;.vc_custom_1442204250913{padding-top: 60px !important;padding-bottom: 60px !important;}&#8221; el_class=&#8221;call-to-action bg-color text-center&#8221;][vc_column el_class=&#8221;center&#8221;][button btntext=&#8221;VIEW ALL PROJECTS&#8221; btnlink=&#8221;demo.vegatheme.com\/archilight\/projects\/&#8221; style=&#8221;style1&#8243;][\/vc_column][\/vc_row][vc_row css=&#8221;.vc_custom_1443169099225{padding-top: 60px !important;padding-bottom: 60px !important;background-color: #222222 !important;}&#8221;][vc_column][logos gallery=&#8221;370,368,369,367,366,364,365,363&#8243; visible=&#8221;6&#8243;][\/vc_column][\/vc_row][vc_row css=&#8221;.vc_custom_1439438028226{padding-top: 90px !important;padding-bottom: 90px !important;background-image: url(http:\/\/demo.oceanthemes.net\/archilight\/wp-content\/uploads\/2015\/07\/bg-31.jpg?id=571) !important;background-position: center !important;background-repeat: no-repeat !important;background-size: cover !important;}&#8221; el_class=&#8221;text-light&#8221;][vc_column animate=&#8221;fadeinup&#8221;][heading text=&#8221;Customer Says&#8221; tag=&#8221;h1&#8243; align=&#8221;center&#8221; color=&#8221;#ffffff&#8221;][line_solid icon=&#8221;circle&#8221;][\/vc_column][vc_column][testslide visible=&#8221;2&#8243; number=&#8221;4&#8243;][\/vc_column][\/vc_row][vc_row css=&#8221;.vc_custom_1438588031090{padding-top: 90px !important;padding-bottom: 90px !important;}&#8221;][vc_column animate=&#8221;fadeinup&#8221;][heading text=&#8221;Fun Facts&#8221; tag=&#8221;h1&#8243; align=&#8221;center&#8221;][line_solid icon=&#8221;circle&#8221;][\/vc_column][vc_column width=&#8221;1\/4&#8243; animate=&#8221;fadein&#8221;][ourfacts icon=&#8221;alarmclock&#8221; title=&#8221;HOURS OF WORKS&#8221; number=&#8221;2350&#8243;][\/vc_column][vc_column width=&#8221;1\/4&#8243; animate=&#8221;fadein&#8221;][ourfacts icon=&#8221;tools&#8221; title=&#8221;PROJECTS COMPLETE&#8221; number=&#8221;128&#8243;][\/vc_column][vc_column width=&#8221;1\/4&#8243; animate=&#8221;fadein&#8221;][ourfacts icon=&#8221;piechart&#8221; title=&#8221;SLICE OF PIZZA&#8221; number=&#8221;750&#8243;][\/vc_column][vc_column width=&#8221;1\/4&#8243; animate=&#8221;fadein&#8221;][ourfacts icon=&#8221;wine&#8221; title=&#8221;CUPS OF COFFEE&#8221; number=&#8221;520&#8243;][\/vc_column][\/vc_row][vc_row css=&#8221;.vc_custom_1438750178195{padding-top: 90px !important;padding-bottom: 90px !important;background-image: url(http:\/\/demo.oceanthemes.net\/archilight\/wp-content\/uploads\/2015\/07\/bg-51.jpg?id=594) !important;background-position: center !important;background-repeat: no-repeat !important;background-size: cover !important;}&#8221; el_id=&#8221;blog&#8221;][vc_column animate=&#8221;fadeinup&#8221;][heading text=&#8221;Latest Blog&#8221; tag=&#8221;h1&#8243; align=&#8221;center&#8221; color=&#8221;#ffffff&#8221;][line_solid icon=&#8221;circle&#8221;][\/vc_column][vc_column animate=&#8221;fadeinup&#8221;][latestblog number=&#8221;6&#8243; visible=&#8221;2&#8243;][\/vc_column][\/vc_row][vc_row css=&#8221;.vc_custom_1438587675950{padding-top: 90px !important;padding-bottom: 90px !important;}&#8221; el_id=&#8221;contact&#8221;][vc_column animate=&#8221;fadeinup&#8221;][heading text=&#8221;Contact Us&#8221; tag=&#8221;h1&#8243; align=&#8221;center&#8221;][line_solid icon=&#8221;circle&#8221;][\/vc_column][vc_column width=&#8221;2\/3&#8243; animate=&#8221;fadeinleft&#8221;][vc_empty_space height=&#8221;30px&#8221;][\/vc_column][vc_column width=&#8221;1\/3&#8243; animate=&#8221;fadinright&#8221;][heading text=&#8221;CONTACT INFO&#8221; tag=&#8221;h3&#8243; align=&#8221;left&#8221;][vc_column_text] 100 Mainstreet Center, Sydney Phone:(208) 333 9296 Fax:(208) 333 9298 Email:contact@example.com Web:http:\/\/example.com OpenSunday &#8211; Friday 08:00 &#8211; 18:00 [\/vc_column_text][\/vc_column][\/vc_row][vc_row fullwidth=&#8221;yes&#8221;][vc_column][ggmap height=&#8221;500&#8243; lat=&#8221;-6.373091&#8243; long=&#8221;106.835175&#8243; zoom=&#8221;15&#8243; icon=&#8221;281&#8243;][\/vc_column][\/vc_row]<\/p>\n","protected":false},"author":1,"featured_media":0,"parent":0,"menu_order":0,"comment_status":"open","ping_status":"open","template":"page-templates\/template-onepage.php","meta":[],"post_mailing_queue_ids":[],"_links":{"self":[{"href":"https:\/\/evinigiydir.com\/index.php\/wp-json\/wp\/v2\/pages\/375"}],"collection":[{"href":"https:\/\/evinigiydir.com\/index.php\/wp-json\/wp\/v2\/pages"}],"about":[{"href":"https:\/\/evinigiydir.com\/index.php\/wp-json\/wp\/v2\/types\/page"}],"author":[{"embeddable":true,"href":"https:\/\/evinigiydir.com\/index.php\/wp-json\/wp\/v2\/users\/1"}],"replies":[{"embeddable":true,"href":"https:\/\/evinigiydir.com\/index.php\/wp-json\/wp\/v2\/comments?post=375"}],"version-history":[{"count":0,"href":"https:\/\/evinigiydir.com\/index.php\/wp-json\/wp\/v2\/pages\/375\/revisions"}],"wp:attachment":[{"href":"https:\/\/evinigiydir.com\/index.php\/wp-json\/wp\/v2\/media?parent=375"}],"curies":[{"name":"wp","href":"https:\/\/api.w.org\/{rel}","templated":true}]}}