{"id":229,"date":"2015-07-27T03:29:01","date_gmt":"2015-07-27T03:29:01","guid":{"rendered":"http:\/\/demo.oceanthemes.net\/archilight\/?page_id=229"},"modified":"2024-02-08T18:47:41","modified_gmt":"2024-02-08T15:47:41","slug":"hakkimizda","status":"publish","type":"page","link":"http:\/\/evinigiydir.com\/index.php\/hakkimizda\/","title":{"rendered":"Hakk\u0131m\u0131zda"},"content":{"rendered":"<p>[vc_row fullwidth=&#8221;yes&#8221; css=&#8221;.vc_custom_1459840758339{background-position: 0 0 !important;background-repeat: no-repeat !important;}&#8221; el_class=&#8221;side-bg&#8221;][vc_column][quickview photo=&#8221;1593&#8243; title=&#8221;Bizim Hakk\u0131m\u0131zda Bilmek \u0130stedikleriniz&#8221; columns=&#8221;5&#8243; height=&#8221;522px&#8221;]<em>Evini Giydir, \u201c<strong>herkes i\u00e7in mimarl\u0131k<\/strong>\u201d felsefesi ile yola \u00e7\u0131kan profesyoneller taraf\u0131ndan kurulan bir platformdur. Evini g\u00fczelle\u015ftirmeye merakl\u0131, de\u011fi\u015fik fikirlere ilgi duyan, ya\u015fad\u0131\u011f\u0131 mek\u00e2na hareket katmaktan keyif alan herkesin hayallerini ko\u015fullar\u0131na uygun \u015fekilde ger\u00e7ekle\u015fmesi i\u00e7in ipu\u00e7lar\u0131 verir. Profesyonel yard\u0131m almak istedi\u011finizde size destek olur. <\/em><\/p>\n<p><em>\u0130T\u00dc mimarl\u0131k fak\u00fcltesinde ba\u015flayan dostlu\u011fumuz zamanla a\u015fka sonras\u0131nda ortakl\u0131\u011fa d\u00f6n\u00fc\u015ft\u00fc, Mimarl\u0131k hizmetinin daha ula\u015f\u0131labilir olmas\u0131 hayali ile \u00e7\u0131kt\u0131\u011f\u0131m\u0131z bu yolda, bug\u00fcn 3 ki\u015filik bir aile olarak Evini Giydir ser\u00fcvenini s\u00fcrd\u00fcr\u00fcyoruz. 10 seneyi a\u015fk\u0131n mimarl\u0131k ve dekorasyon tecr\u00fcbelerimizi sizin hayallerinizdeki evi olu\u015fturman\u0131z ve evinizi istedi\u011finiz gibi giydirebilmeniz i\u00e7in sizlere ula\u015ft\u0131rmaya \u00e7al\u0131\u015f\u0131yoruz. Birlikte \u00e7al\u0131\u015ft\u0131\u011f\u0131m\u0131z her ki\u015fi ile mutlu ailemiz geni\u015fliyor g\u00fczelle\u015fiyor.<\/em>[\/quickview][\/vc_column][\/vc_row][vc_row archi_parallax=&#8221;yes&#8221; css=&#8221;.vc_custom_1478242800309{background-image: url(http:\/\/evinigiydir.com\/wp-content\/uploads\/2015\/10\/bg-3.jpg?id=815) !important;background-position: center !important;background-repeat: no-repeat !important;background-size: cover !important;}&#8221;][vc_column animate=&#8221;fadeinup&#8221;][heading text=&#8221;M\u00fc\u015fterilerimiz Neler Diyor?&#8221; tag=&#8221;h1&#8243; align=&#8221;center&#8221; color=&#8221;#ffffff&#8221;][line_solid icon=&#8221;circle&#8221;][\/vc_column][vc_column][testslide visible=&#8221;3&#8243; number=&#8221;6&#8243; slidespeed=&#8221;200&#8243; paginationspeed=&#8221;800&#8243; rewindspeed=&#8221;1000&#8243;][\/vc_column][\/vc_row][vc_row fullwidth=&#8221;yes&#8221; css=&#8221;.vc_custom_1442204580531{padding-top: 60px !important;padding-bottom: 60px !important;}&#8221; el_class=&#8221;call-to-action bg-color text-center&#8221;][vc_column][button btntext=&#8221;Bize Ula\u015f\u0131n&#8221; btnlink=&#8221;http:\/\/evinigiydir.com\/index.php\/contact\/&#8221; style=&#8221;style1&#8243;][\/vc_column][\/vc_row]<\/p>\n","protected":false},"excerpt":{"rendered":"<p>[vc_row fullwidth=&#8221;yes&#8221; css=&#8221;.vc_custom_1459840758339{background-position: 0 0 !important;background-repeat: no-repeat !important;}&#8221; el_class=&#8221;side-bg&#8221;][vc_column][quickview photo=&#8221;1593&#8243; title=&#8221;Bizim Hakk\u0131m\u0131zda Bilmek \u0130stedikleriniz&#8221; columns=&#8221;5&#8243; height=&#8221;522px&#8221;]Evini Giydir, \u201cherkes i\u00e7in mimarl\u0131k\u201d felsefesi ile yola \u00e7\u0131kan profesyoneller taraf\u0131ndan kurulan bir platformdur. Evini g\u00fczelle\u015ftirmeye merakl\u0131, de\u011fi\u015fik fikirlere ilgi duyan, ya\u015fad\u0131\u011f\u0131 mek\u00e2na hareket katmaktan keyif alan herkesin hayallerini ko\u015fullar\u0131na uygun \u015fekilde ger\u00e7ekle\u015fmesi i\u00e7in ipu\u00e7lar\u0131 verir. Profesyonel yard\u0131m almak istedi\u011finizde size destek olur. \u0130T\u00dc mimarl\u0131k fak\u00fcltesinde ba\u015flayan dostlu\u011fumuz zamanla a\u015fka sonras\u0131nda ortakl\u0131\u011fa d\u00f6n\u00fc\u015ft\u00fc, Mimarl\u0131k hizmetinin daha ula\u015f\u0131labilir olmas\u0131 hayali ile \u00e7\u0131kt\u0131\u011f\u0131m\u0131z bu yolda, bug\u00fcn 3 ki\u015filik bir aile olarak Evini Giydir ser\u00fcvenini s\u00fcrd\u00fcr\u00fcyoruz. 10 seneyi a\u015fk\u0131n mimarl\u0131k ve dekorasyon tecr\u00fcbelerimizi sizin hayallerinizdeki evi olu\u015fturman\u0131z ve evinizi istedi\u011finiz gibi giydirebilmeniz i\u00e7in sizlere ula\u015ft\u0131rmaya \u00e7al\u0131\u015f\u0131yoruz. Birlikte \u00e7al\u0131\u015ft\u0131\u011f\u0131m\u0131z her ki\u015fi ile mutlu ailemiz geni\u015fliyor g\u00fczelle\u015fiyor.[\/quickview][\/vc_column][\/vc_row][vc_row archi_parallax=&#8221;yes&#8221; css=&#8221;.vc_custom_1478242800309{background-image: url(http:\/\/evinigiydir.com\/wp-content\/uploads\/2015\/10\/bg-3.jpg?id=815) !important;background-position: center !important;background-repeat: no-repeat !important;background-size: cover !important;}&#8221;][vc_column animate=&#8221;fadeinup&#8221;][heading text=&#8221;M\u00fc\u015fterilerimiz Neler Diyor?&#8221; tag=&#8221;h1&#8243; align=&#8221;center&#8221; color=&#8221;#ffffff&#8221;][line_solid icon=&#8221;circle&#8221;][\/vc_column][vc_column][testslide visible=&#8221;3&#8243; number=&#8221;6&#8243; slidespeed=&#8221;200&#8243; paginationspeed=&#8221;800&#8243; rewindspeed=&#8221;1000&#8243;][\/vc_column][\/vc_row][vc_row fullwidth=&#8221;yes&#8221; css=&#8221;.vc_custom_1442204580531{padding-top: 60px !important;padding-bottom: 60px !important;}&#8221; el_class=&#8221;call-to-action bg-color text-center&#8221;][vc_column][button btntext=&#8221;Bize Ula\u015f\u0131n&#8221; btnlink=&#8221;http:\/\/evinigiydir.com\/index.php\/contact\/&#8221; style=&#8221;style1&#8243;][\/vc_column][\/vc_row]<\/p>\n","protected":false},"author":1,"featured_media":0,"parent":0,"menu_order":0,"comment_status":"closed","ping_status":"open","template":"","meta":[],"post_mailing_queue_ids":[],"_links":{"self":[{"href":"http:\/\/evinigiydir.com\/index.php\/wp-json\/wp\/v2\/pages\/229"}],"collection":[{"href":"http:\/\/evinigiydir.com\/index.php\/wp-json\/wp\/v2\/pages"}],"about":[{"href":"http:\/\/evinigiydir.com\/index.php\/wp-json\/wp\/v2\/types\/page"}],"author":[{"embeddable":true,"href":"http:\/\/evinigiydir.com\/index.php\/wp-json\/wp\/v2\/users\/1"}],"replies":[{"embeddable":true,"href":"http:\/\/evinigiydir.com\/index.php\/wp-json\/wp\/v2\/comments?post=229"}],"version-history":[{"count":2,"href":"http:\/\/evinigiydir.com\/index.php\/wp-json\/wp\/v2\/pages\/229\/revisions"}],"predecessor-version":[{"id":1601,"href":"http:\/\/evinigiydir.com\/index.php\/wp-json\/wp\/v2\/pages\/229\/revisions\/1601"}],"wp:attachment":[{"href":"http:\/\/evinigiydir.com\/index.php\/wp-json\/wp\/v2\/media?parent=229"}],"curies":[{"name":"wp","href":"https:\/\/api.w.org\/{rel}","templated":true}]}}