{"id":141,"date":"2015-07-24T03:26:17","date_gmt":"2015-07-24T03:26:17","guid":{"rendered":"http:\/\/demo.oceanthemes.net\/archilight\/?page_id=141"},"modified":"2017-12-09T15:09:20","modified_gmt":"2017-12-09T13:09:20","slug":"homepage-slider","status":"publish","type":"page","link":"http:\/\/evinigiydir.com\/index.php\/homepage-slider\/","title":{"rendered":"Homepage Slider"},"content":{"rendered":"<p>[vc_row fullwidth=&#8221;yes&#8221; archi_parallax=&#8221;yes&#8221; img_halfrow=&#8221;yes&#8221; el_class=&#8221;full-height&#8221; css=&#8221;.vc_custom_1506344874913{padding-top: 90px !important;padding-right: 90px !important;padding-bottom: 90px !important;padding-left: 90px !important;background-image: url(http:\/\/evinigiydir.com\/wp-content\/uploads\/2015\/07\/02.jpg?id=1863) !important;}&#8221;][vc_column][home_parallax titles=&#8221;%5B%5D&#8221; number=&#8221;3&#8243;][\/vc_column][\/vc_row][vc_row fullwidth=&#8221;yes&#8221; css=&#8221;.vc_custom_1442204079522{padding-top: 60px !important;padding-bottom: 60px !important;}&#8221; el_class=&#8221;call-to-action bg-color text-center&#8221;][vc_column][button btntext=&#8221;Bize Ula\u015f\u0131n!&#8221; btnlink=&#8221;http:\/\/evinigiydir.com\/index.php\/contact\/&#8221; style=&#8221;style1&#8243; type=&#8221;&#8221; size=&#8221;&#8221;][\/vc_column][\/vc_row][vc_row fullwidth=&#8221;yes&#8221; css=&#8221;.vc_custom_1459832781662{background-color: #f5f5f5 !important;}&#8221; el_class=&#8221;side-bg&#8221;][vc_column][quickview photo=&#8221;988&#8243; title=&#8221;Evini Giydir&#8217;e Ho\u015f Geldiniz&#8221; columns=&#8221;5&#8243; height=&#8221;513px&#8221;]<em>Evini Giydir, \u201c<strong>herkes i\u00e7in mimarl\u0131k<\/strong>\u201d felsefesi ile yola \u00e7\u0131kan profesyoneller taraf\u0131ndan kurulan bir platformdur. Evini g\u00fczelle\u015ftirmeye merakl\u0131, de\u011fi\u015fik fikirlere ilgi duyan, ya\u015fad\u0131\u011f\u0131 mekana hareket katmaktan keyif alan herkesin hayallerini ko\u015fullar\u0131na uygun \u015fekilde ger\u00e7ekle\u015fmesi i\u00e7in ipu\u00e7lar\u0131 verir. Profesyonel yard\u0131m almak istedi\u011finizde size destek olur. <\/em><\/p>\n<p><em>\u00d6zelle\u015ftirilmi\u015f fikirleriyle, farkl\u0131 \u00e7\u00f6z\u00fcmleriyle, hayat\u0131n\u0131z\u0131 g\u00fczelle\u015ftirecek detaylar\u0131yla iste\u011finize uygun \u00e7\u00f6z\u00fcmler \u00fcreten Evini Giydir, ula\u015f\u0131labilir mimarl\u0131k ve dan\u0131\u015fmanl\u0131k hizmetiyle hayallerinizin ger\u00e7ekle\u015fmesini sa\u011flar. <\/em><\/p>\n<p><em>Her \u015fey daha keyifli bir ya\u015fam i\u00e7in&#8230; <\/em>[\/quickview][\/vc_column][\/vc_row][vc_row fullwidth=&#8221;yes&#8221; css=&#8221;.vc_custom_1442204079522{padding-top: 60px !important;padding-bottom: 60px !important;}&#8221; el_class=&#8221;call-to-action bg-color text-center&#8221;][vc_column][button btntext=&#8221;Blogda Sizin \u0130\u00e7in Harika Fikirler Var!!!&#8221; btnlink=&#8221;http:\/\/evinigiydir.com\/index.php\/blog\/&#8221; style=&#8221;style1&#8243; type=&#8221;&#8221; size=&#8221;&#8221;][\/vc_column][\/vc_row][vc_row fullwidth=&#8221;yes&#8221;][vc_column][latestblog number=&#8221;4&#8243; excerpt=&#8221;50&#8243; read_more=&#8221;yes&#8221;][\/vc_column][\/vc_row][vc_row][vc_column animate=&#8221;fadeinup&#8221;][heading text=&#8221;Sizin i\u00e7in neler yapabiliriz?&#8221; tag=&#8221;h1&#8243; align=&#8221;center&#8221;][line_solid icon=&#8221;circle&#8221;][\/vc_column][vc_column width=&#8221;1\/2&#8243; animate=&#8221;fadeinleft&#8221;][vc_single_image image=&#8221;990&#8243; img_size=&#8221;full&#8221;][heading text=&#8221;<b>F\u0130K\u0130R<\/b> VEREL\u0130M&#8221; tag=&#8221;h3&#8243;][vc_column_text css=&#8221;.vc_custom_1487774464948{margin-bottom: 0px !important;}&#8221;]Evinizde de\u011fi\u015fiklik istiyorsunuz, sizi yans\u0131tmayan ve ihtiya\u00e7lar\u0131n\u0131z\u0131 kar\u015f\u0131lamayan bir alan\u0131n\u0131z var, fikirleriniz var ama nereden nas\u0131l ba\u015flayaca\u011f\u0131n\u0131z\u0131 bilmiyorsunuz. Fikir verelim hizmetimiz tam size g\u00f6re. Size \u00f6zel hayat\u0131n\u0131z\u0131 kolayla\u015ft\u0131racak mimari \u00e7\u00f6z\u00fcmler sunuyoruz ve bunu yaparken sizin b\u00fct\u00e7enizde ve sizin liderli\u011finizde yap\u0131yoruz. Eviniz i\u00e7in profesyonel mimari \u00e7\u00f6z\u00fcmleri sunarak sizin evinizi giydirmenize yard\u0131mc\u0131 oluyoruz. Peki, bunu nas\u0131l yap\u0131yoruz?[\/vc_column_text][\/vc_column][vc_column width=&#8221;1\/2&#8243; animate=&#8221;fadeinup&#8221;][vc_single_image image=&#8221;992&#8243; img_size=&#8221;full&#8221;][heading text=&#8221;<b>BA\u015eTAN <\/b> YARATALIM&#8221; tag=&#8221;h3&#8243;][vc_column_text css=&#8221;.vc_custom_1487774918553{margin-bottom: 0px !important;}&#8221;]Daha derin ve detayl\u0131 bir de\u011fi\u015fiklik istiyorsunuz ama bunu yapacak vaktiniz yok. \u0130\u015fte bu durumda size verdi\u011fimiz fikirleri sizin i\u00e7in 1 g\u00fcnde uygulayabiliyoruz. \u00d6ncelikle evinizi giydirmek i\u00e7in gerekli projenin olu\u015fturulmas\u0131 i\u00e7in \u201cF\u0130K\u0130R VEREL\u0130M\u201d hizmetini sat\u0131n al\u0131yorsunuz. Sonra biz sizin i\u00e7in t\u00fcm detaylar\u0131 \u00fcretip, t\u00fcm sat\u0131n almalar\u0131 yap\u0131yoruz. Her \u015feyi tek tek olu\u015fturup, sizin ve aileniz i\u00e7in uygun olan bir g\u00fcnde gelip hayallerinizi ger\u00e7ekle\u015ftiriyoruz.[\/vc_column_text][\/vc_column][\/vc_row][vc_row fullwidth=&#8221;yes&#8221; css=&#8221;.vc_custom_1442204079522{padding-top: 60px !important;padding-bottom: 60px !important;}&#8221; el_class=&#8221;call-to-action bg-color text-center&#8221;][vc_column][button btntext=&#8221;Servislerimizi \u0130ncelediniz mi?&#8221; btnlink=&#8221;http:\/\/evinigiydir.com\/index.php\/our-services\/&#8221; style=&#8221;style1&#8243; type=&#8221;&#8221; size=&#8221;&#8221;][\/vc_column][\/vc_row][vc_row css=&#8221;.vc_custom_1460082335647{background-color: #f5f5f5 !important;background-position: center !important;background-repeat: no-repeat !important;background-size: cover !important;}&#8221;][vc_column][heading text=&#8221;Nas\u0131l Yap\u0131yoruz?&#8221; tag=&#8221;h1&#8243; align=&#8221;center&#8221;][line_solid icon=&#8221;circle&#8221;][\/vc_column][vc_column][process number=&#8221;3&#8243;][\/vc_column][\/vc_row][vc_row css=&#8221;.vc_custom_1487853638703{background-image: url(http:\/\/evinigiydir.com\/wp-content\/uploads\/2015\/07\/WEB.jpg?id=1595) !important;background-position: center !important;background-repeat: no-repeat !important;background-size: cover !important;}&#8221; el_class=&#8221;text-light&#8221;][vc_column][heading text=&#8221;M\u00fc\u015fterilerimiz Neler Diyor?&#8221; tag=&#8221;h1&#8243; align=&#8221;center&#8221; color=&#8221;#545454&#8243;][line_solid icon=&#8221;circle&#8221;][testslide visible=&#8221;3&#8243; number=&#8221;-1&#8243; slidespeed=&#8221;400&#8243; paginationspeed=&#8221;800&#8243; rewindspeed=&#8221;1000&#8243;][\/vc_column][\/vc_row]<\/p>\n","protected":false},"excerpt":{"rendered":"<p>[vc_row fullwidth=&#8221;yes&#8221; archi_parallax=&#8221;yes&#8221; img_halfrow=&#8221;yes&#8221; el_class=&#8221;full-height&#8221; css=&#8221;.vc_custom_1506344874913{padding-top: 90px !important;padding-right: 90px !important;padding-bottom: 90px !important;padding-left: 90px !important;background-image: url(http:\/\/evinigiydir.com\/wp-content\/uploads\/2015\/07\/02.jpg?id=1863) !important;}&#8221;][vc_column][home_parallax titles=&#8221;%5B%5D&#8221; number=&#8221;3&#8243;][\/vc_column][\/vc_row][vc_row fullwidth=&#8221;yes&#8221; css=&#8221;.vc_custom_1442204079522{padding-top: 60px !important;padding-bottom: 60px !important;}&#8221; el_class=&#8221;call-to-action bg-color text-center&#8221;][vc_column][button btntext=&#8221;Bize Ula\u015f\u0131n!&#8221; btnlink=&#8221;http:\/\/evinigiydir.com\/index.php\/contact\/&#8221; style=&#8221;style1&#8243; type=&#8221;&#8221; size=&#8221;&#8221;][\/vc_column][\/vc_row][vc_row fullwidth=&#8221;yes&#8221; css=&#8221;.vc_custom_1459832781662{background-color: #f5f5f5 !important;}&#8221; el_class=&#8221;side-bg&#8221;][vc_column][quickview photo=&#8221;988&#8243; title=&#8221;Evini Giydir&#8217;e Ho\u015f Geldiniz&#8221; columns=&#8221;5&#8243; height=&#8221;513px&#8221;]Evini Giydir, \u201cherkes i\u00e7in mimarl\u0131k\u201d felsefesi ile yola \u00e7\u0131kan profesyoneller taraf\u0131ndan kurulan bir platformdur. Evini g\u00fczelle\u015ftirmeye merakl\u0131, de\u011fi\u015fik fikirlere ilgi duyan, ya\u015fad\u0131\u011f\u0131 mekana hareket katmaktan keyif alan herkesin hayallerini ko\u015fullar\u0131na uygun \u015fekilde ger\u00e7ekle\u015fmesi i\u00e7in ipu\u00e7lar\u0131 verir. Profesyonel yard\u0131m almak istedi\u011finizde size destek olur. \u00d6zelle\u015ftirilmi\u015f fikirleriyle, farkl\u0131 \u00e7\u00f6z\u00fcmleriyle, hayat\u0131n\u0131z\u0131 g\u00fczelle\u015ftirecek detaylar\u0131yla iste\u011finize uygun \u00e7\u00f6z\u00fcmler \u00fcreten Evini Giydir, ula\u015f\u0131labilir mimarl\u0131k ve dan\u0131\u015fmanl\u0131k hizmetiyle hayallerinizin ger\u00e7ekle\u015fmesini sa\u011flar. Her \u015fey daha keyifli bir ya\u015fam i\u00e7in&#8230; [\/quickview][\/vc_column][\/vc_row][vc_row fullwidth=&#8221;yes&#8221; css=&#8221;.vc_custom_1442204079522{padding-top: 60px !important;padding-bottom: 60px !important;}&#8221; el_class=&#8221;call-to-action bg-color text-center&#8221;][vc_column][button btntext=&#8221;Blogda Sizin \u0130\u00e7in Harika Fikirler Var!!!&#8221; btnlink=&#8221;http:\/\/evinigiydir.com\/index.php\/blog\/&#8221; style=&#8221;style1&#8243; type=&#8221;&#8221; size=&#8221;&#8221;][\/vc_column][\/vc_row][vc_row fullwidth=&#8221;yes&#8221;][vc_column][latestblog number=&#8221;4&#8243; excerpt=&#8221;50&#8243; read_more=&#8221;yes&#8221;][\/vc_column][\/vc_row][vc_row][vc_column animate=&#8221;fadeinup&#8221;][heading text=&#8221;Sizin i\u00e7in neler yapabiliriz?&#8221; tag=&#8221;h1&#8243; align=&#8221;center&#8221;][line_solid icon=&#8221;circle&#8221;][\/vc_column][vc_column width=&#8221;1\/2&#8243; animate=&#8221;fadeinleft&#8221;][vc_single_image image=&#8221;990&#8243; img_size=&#8221;full&#8221;][heading text=&#8221;F\u0130K\u0130R VEREL\u0130M&#8221; tag=&#8221;h3&#8243;][vc_column_text css=&#8221;.vc_custom_1487774464948{margin-bottom: 0px !important;}&#8221;]Evinizde de\u011fi\u015fiklik istiyorsunuz, sizi yans\u0131tmayan ve ihtiya\u00e7lar\u0131n\u0131z\u0131 kar\u015f\u0131lamayan bir alan\u0131n\u0131z var, fikirleriniz var ama nereden nas\u0131l ba\u015flayaca\u011f\u0131n\u0131z\u0131 bilmiyorsunuz. Fikir verelim hizmetimiz tam size g\u00f6re. Size \u00f6zel hayat\u0131n\u0131z\u0131 kolayla\u015ft\u0131racak mimari \u00e7\u00f6z\u00fcmler sunuyoruz ve bunu yaparken sizin b\u00fct\u00e7enizde ve sizin liderli\u011finizde yap\u0131yoruz. Eviniz i\u00e7in profesyonel mimari \u00e7\u00f6z\u00fcmleri sunarak sizin evinizi giydirmenize yard\u0131mc\u0131 oluyoruz. Peki, bunu nas\u0131l yap\u0131yoruz?[\/vc_column_text][\/vc_column][vc_column width=&#8221;1\/2&#8243; animate=&#8221;fadeinup&#8221;][vc_single_image image=&#8221;992&#8243; img_size=&#8221;full&#8221;][heading text=&#8221;BA\u015eTAN YARATALIM&#8221; tag=&#8221;h3&#8243;][vc_column_text css=&#8221;.vc_custom_1487774918553{margin-bottom: 0px !important;}&#8221;]Daha derin ve detayl\u0131 bir de\u011fi\u015fiklik istiyorsunuz ama bunu yapacak vaktiniz yok. \u0130\u015fte bu durumda size verdi\u011fimiz fikirleri sizin i\u00e7in 1 g\u00fcnde uygulayabiliyoruz. \u00d6ncelikle evinizi giydirmek i\u00e7in gerekli projenin olu\u015fturulmas\u0131 i\u00e7in \u201cF\u0130K\u0130R VEREL\u0130M\u201d hizmetini sat\u0131n al\u0131yorsunuz. Sonra biz sizin i\u00e7in t\u00fcm detaylar\u0131 \u00fcretip, t\u00fcm sat\u0131n almalar\u0131 yap\u0131yoruz. Her \u015feyi tek tek olu\u015fturup, sizin ve aileniz i\u00e7in uygun olan bir g\u00fcnde gelip hayallerinizi ger\u00e7ekle\u015ftiriyoruz.[\/vc_column_text][\/vc_column][\/vc_row][vc_row fullwidth=&#8221;yes&#8221; css=&#8221;.vc_custom_1442204079522{padding-top: 60px !important;padding-bottom: 60px !important;}&#8221; el_class=&#8221;call-to-action bg-color text-center&#8221;][vc_column][button btntext=&#8221;Servislerimizi \u0130ncelediniz mi?&#8221; btnlink=&#8221;http:\/\/evinigiydir.com\/index.php\/our-services\/&#8221; style=&#8221;style1&#8243; type=&#8221;&#8221; size=&#8221;&#8221;][\/vc_column][\/vc_row][vc_row css=&#8221;.vc_custom_1460082335647{background-color: #f5f5f5 !important;background-position: center !important;background-repeat: no-repeat !important;background-size: cover !important;}&#8221;][vc_column][heading text=&#8221;Nas\u0131l Yap\u0131yoruz?&#8221; tag=&#8221;h1&#8243; align=&#8221;center&#8221;][line_solid icon=&#8221;circle&#8221;][\/vc_column][vc_column][process number=&#8221;3&#8243;][\/vc_column][\/vc_row][vc_row css=&#8221;.vc_custom_1487853638703{background-image: url(http:\/\/evinigiydir.com\/wp-content\/uploads\/2015\/07\/WEB.jpg?id=1595) !important;background-position: center !important;background-repeat: no-repeat !important;background-size: cover !important;}&#8221; el_class=&#8221;text-light&#8221;][vc_column][heading text=&#8221;M\u00fc\u015fterilerimiz Neler Diyor?&#8221; tag=&#8221;h1&#8243; align=&#8221;center&#8221; color=&#8221;#545454&#8243;][line_solid icon=&#8221;circle&#8221;][testslide visible=&#8221;3&#8243; number=&#8221;-1&#8243; slidespeed=&#8221;400&#8243; paginationspeed=&#8221;800&#8243; rewindspeed=&#8221;1000&#8243;][\/vc_column][\/vc_row]<\/p>\n","protected":false},"author":1,"featured_media":0,"parent":0,"menu_order":0,"comment_status":"open","ping_status":"open","template":"page-templates\/template-canvas.php","meta":[],"post_mailing_queue_ids":[],"_links":{"self":[{"href":"http:\/\/evinigiydir.com\/index.php\/wp-json\/wp\/v2\/pages\/141"}],"collection":[{"href":"http:\/\/evinigiydir.com\/index.php\/wp-json\/wp\/v2\/pages"}],"about":[{"href":"http:\/\/evinigiydir.com\/index.php\/wp-json\/wp\/v2\/types\/page"}],"author":[{"embeddable":true,"href":"http:\/\/evinigiydir.com\/index.php\/wp-json\/wp\/v2\/users\/1"}],"replies":[{"embeddable":true,"href":"http:\/\/evinigiydir.com\/index.php\/wp-json\/wp\/v2\/comments?post=141"}],"version-history":[{"count":64,"href":"http:\/\/evinigiydir.com\/index.php\/wp-json\/wp\/v2\/pages\/141\/revisions"}],"predecessor-version":[{"id":2025,"href":"http:\/\/evinigiydir.com\/index.php\/wp-json\/wp\/v2\/pages\/141\/revisions\/2025"}],"wp:attachment":[{"href":"http:\/\/evinigiydir.com\/index.php\/wp-json\/wp\/v2\/media?parent=141"}],"curies":[{"name":"wp","href":"https:\/\/api.w.org\/{rel}","templated":true}]}}